{"id":550,"date":"2022-04-21T12:27:29","date_gmt":"2022-04-21T10:27:29","guid":{"rendered":"http:\/\/realgame.lt\/projects\/"},"modified":"2023-09-02T13:55:22","modified_gmt":"2023-09-02T11:55:22","slug":"projects","status":"publish","type":"page","link":"https:\/\/realgame.lt\/en\/projects\/","title":{"rendered":"Projects"},"content":{"rendered":"\t\t<div data-elementor-type=\"wp-page\" data-elementor-id=\"550\" class=\"elementor elementor-550 elementor-21\" data-elementor-post-type=\"page\">\n\t\t\t\t\t\t<section class=\"elementor-section elementor-top-section elementor-element elementor-element-a5dd74e elementor-section-boxed elementor-section-height-default elementor-section-height-default\" data-id=\"a5dd74e\" data-element_type=\"section\" data-settings=\"{&quot;background_background&quot;:&quot;classic&quot;}\">\n\t\t\t\t\t\t\t<div class=\"elementor-background-overlay\"><\/div>\n\t\t\t\t\t\t\t<div class=\"elementor-container elementor-column-gap-default\">\n\t\t\t\t\t<div class=\"elementor-column elementor-col-100 elementor-top-column elementor-element elementor-element-8c598c4\" data-id=\"8c598c4\" data-element_type=\"column\">\n\t\t\t<div class=\"elementor-widget-wrap elementor-element-populated\">\n\t\t\t\t\t\t<section class=\"elementor-section elementor-inner-section elementor-element elementor-element-9aec809 elementor-section-boxed elementor-section-height-default elementor-section-height-default\" data-id=\"9aec809\" data-element_type=\"section\">\n\t\t\t\t\t\t<div class=\"elementor-container elementor-column-gap-default\">\n\t\t\t\t\t<div class=\"elementor-column elementor-col-50 elementor-inner-column elementor-element elementor-element-f4859d9\" data-id=\"f4859d9\" data-element_type=\"column\">\n\t\t\t<div class=\"elementor-widget-wrap elementor-element-populated\">\n\t\t\t\t\t\t<div class=\"elementor-element elementor-element-2bbe2dd animated-slow elementor-invisible elementor-widget elementor-widget-heading\" data-id=\"2bbe2dd\" data-element_type=\"widget\" data-settings=\"{&quot;_animation&quot;:&quot;fadeIn&quot;}\" data-widget_type=\"heading.default\">\n\t\t\t\t<div class=\"elementor-widget-container\">\n\t\t\t\t\t<h2 class=\"elementor-heading-title elementor-size-default\">Our projects<\/h2>\t\t\t\t<\/div>\n\t\t\t\t<\/div>\n\t\t\t\t\t<\/div>\n\t\t<\/div>\n\t\t\t\t<div class=\"elementor-column elementor-col-50 elementor-inner-column elementor-element elementor-element-013b7be\" data-id=\"013b7be\" data-element_type=\"column\">\n\t\t\t<div class=\"elementor-widget-wrap\">\n\t\t\t\t\t\t\t<\/div>\n\t\t<\/div>\n\t\t\t\t\t<\/div>\n\t\t<\/section>\n\t\t\t\t\t<\/div>\n\t\t<\/div>\n\t\t\t\t\t<\/div>\n\t\t<\/section>\n\t\t\t\t<section class=\"elementor-section elementor-top-section elementor-element elementor-element-d2a731e elementor-section-boxed elementor-section-height-default elementor-section-height-default\" data-id=\"d2a731e\" data-element_type=\"section\">\n\t\t\t\t\t\t<div class=\"elementor-container elementor-column-gap-default\">\n\t\t\t\t\t<div class=\"elementor-column elementor-col-100 elementor-top-column elementor-element elementor-element-2ef9898\" data-id=\"2ef9898\" data-element_type=\"column\">\n\t\t\t<div class=\"elementor-widget-wrap elementor-element-populated\">\n\t\t\t\t\t\t<div class=\"elementor-element elementor-element-1acd701 premium-blog-align-left elementor-widget elementor-widget-premium-addon-blog\" data-id=\"1acd701\" data-element_type=\"widget\" data-settings=\"{&quot;force_height&quot;:&quot;true&quot;,&quot;premium_blog_grid&quot;:&quot;yes&quot;,&quot;premium_blog_layout&quot;:&quot;even&quot;,&quot;premium_blog_columns_number&quot;:&quot;50%&quot;,&quot;premium_blog_columns_number_tablet&quot;:&quot;50%&quot;,&quot;premium_blog_columns_number_mobile&quot;:&quot;100%&quot;,&quot;scroll_to_offset&quot;:&quot;yes&quot;,&quot;filter_flag&quot;:&quot;cat&quot;}\" data-widget_type=\"premium-addon-blog.default\">\n\t\t\t\t<div class=\"elementor-widget-container\">\n\t\t\t\t\t\r\n\t\t\t\t\t\t\t<div class=\"premium-blog-filter\">\r\n\t\t\t<ul class=\"premium-blog-filters-container\">\r\n\t\t\t\t\t\t\t\t\t<li>\r\n\t\t\t\t\t\t<a href=\"javascript:;\" class=\"category active\" data-filter=\"*\">\r\n\t\t\t\t\t\t\tVisi projektai\t\t\t\t\t\t<\/a>\r\n\t\t\t\t\t<\/li>\r\n\t\t\t\t\t\t\t\t\t\t\t\t\t\t<li>\r\n\t\t\t\t\t\t\t<a href=\"javascript:;\" class=\"category\" data-filter=\"consulting\">\r\n\t\t\t\t\t\t\t\tConsulting\t\t\t\t\t\t\t<\/a>\r\n\t\t\t\t\t\t<\/li>\r\n\t\t\t\t\t\t\t\t\t\t<li>\r\n\t\t\t\t\t\t\t<a href=\"javascript:;\" class=\"category\" data-filter=\"exclusive-brokerage\">\r\n\t\t\t\t\t\t\t\tExclusive Brokerage\t\t\t\t\t\t\t<\/a>\r\n\t\t\t\t\t\t<\/li>\r\n\t\t\t\t\t\t\t<\/ul>\r\n\t\t<\/div>\r\n\t\t\t\t\t\t<div class=\"premium-blog-wrap  premium-blog-even\" data-page=\"550\">\r\n\t\t\t\t\t<div class=\"premium-blog-post-outer-container\" data-total=\"1\">\r\n\t\t\t<div class=\"premium-blog-post-container premium-blog-skin-classic\">\r\n\t\t\t\t\t\t\t\t\t<div class=\"premium-blog-thumb-effect-wrapper\">\r\n\t\t\t\t\t\t<div class=\"premium-blog-thumbnail-container premium-blog-zoomin-effect\">\r\n\t\t\t\t\t\t\t<img fetchpriority=\"high\" decoding=\"async\" width=\"768\" height=\"418\" src=\"https:\/\/realgame.lt\/wp-content\/uploads\/2022\/06\/marijampoles-m-centras-statybininku-g-2-768x418.jpg\" class=\"attachment-medium_large size-medium_large wp-image-932\" alt=\"\" srcset=\"https:\/\/realgame.lt\/wp-content\/uploads\/2022\/06\/marijampoles-m-centras-statybininku-g-2-768x418.jpg 768w, https:\/\/realgame.lt\/wp-content\/uploads\/2022\/06\/marijampoles-m-centras-statybininku-g-2-300x163.jpg 300w, https:\/\/realgame.lt\/wp-content\/uploads\/2022\/06\/marijampoles-m-centras-statybininku-g-2-1024x558.jpg 1024w, https:\/\/realgame.lt\/wp-content\/uploads\/2022\/06\/marijampoles-m-centras-statybininku-g-2.jpg 1116w\" sizes=\"(max-width: 768px) 100vw, 768px\" \/>\t\t\t\t\t\t<\/div>\r\n\t\t\t\t\t\t\t\t\t\t\t\t\t<div class=\"premium-blog-thumbnail-overlay\">\r\n\t\t\t\t\t\t\t\t<a class=\"elementor-icon\" href=\"https:\/\/realgame.lt\/en\/projects\/object-sold-in-marijampole\/\" target=\"_self\"><\/a>\r\n\t\t\t\t\t\t\t<\/div>\r\n\r\n\t\t\t\t\t\t\t\t\t\t\t\t\t\t\t\t\t\t<\/div>\r\n\t\t\t\t\t\t\t\t\t\t\t\t<div class=\"premium-blog-content-wrapper \">\r\n\r\n\t\t\t\t\t<div class=\"premium-blog-inner-container\">\r\n\r\n\t\t\t\t\t\t\t\t\t\t\t\t\t\t<h2 class=\"premium-blog-entry-title\">\r\n\t\t\t<a href=\"https:\/\/realgame.lt\/en\/projects\/object-sold-in-marijampole\/\" target=\"_self\">\r\n\t\t\t\tObject sold in Marijampole\t\t\t<\/a>\r\n\t\t<\/h2>\r\n\t\t\t\t<div class=\"premium-blog-entry-meta\">\r\n\t\t\t\r\n\t\t\t\r\n\t\t\t\r\n\t\t\t\t\t<\/div>\r\n\t\t\r\n\t\t\t\t\t<\/div>\r\n\r\n\t\t\t\t\t\t\t<div class=\"premium-blog-content-inner-wrapper\">\r\n\t\t<p class=\"premium-blog-post-content\">CLIENT: MD Fortis PROVIDED SERVICE: Tenant Representation OBJECT: 1706 sq. m storage building with a 44 \u2026<\/p>\t\t<\/div>\r\n\t\t\t\t\t\t\t\r\n\t\t\t\t<\/div>\r\n\t\t\t<\/div>\r\n\t\t<\/div>\r\n\r\n\t\t\t\t<div class=\"premium-blog-post-outer-container\" data-total=\"1\">\r\n\t\t\t<div class=\"premium-blog-post-container premium-blog-skin-classic\">\r\n\t\t\t\t\t\t\t\t\t<div class=\"premium-blog-thumb-effect-wrapper\">\r\n\t\t\t\t\t\t<div class=\"premium-blog-thumbnail-container premium-blog-zoomin-effect\">\r\n\t\t\t\t\t\t\t<img decoding=\"async\" width=\"768\" height=\"568\" src=\"https:\/\/realgame.lt\/wp-content\/uploads\/2022\/06\/Screenshot_20220622-124400-768x568.png\" class=\"attachment-medium_large size-medium_large wp-image-929\" alt=\"\" srcset=\"https:\/\/realgame.lt\/wp-content\/uploads\/2022\/06\/Screenshot_20220622-124400-768x568.png 768w, https:\/\/realgame.lt\/wp-content\/uploads\/2022\/06\/Screenshot_20220622-124400-300x222.png 300w, https:\/\/realgame.lt\/wp-content\/uploads\/2022\/06\/Screenshot_20220622-124400.png 864w\" sizes=\"(max-width: 768px) 100vw, 768px\" \/>\t\t\t\t\t\t<\/div>\r\n\t\t\t\t\t\t\t\t\t\t\t\t\t<div class=\"premium-blog-thumbnail-overlay\">\r\n\t\t\t\t\t\t\t\t<a class=\"elementor-icon\" href=\"https:\/\/realgame.lt\/en\/projects\/private-kindergarten-project-in-kaunas\/\" target=\"_self\"><\/a>\r\n\t\t\t\t\t\t\t<\/div>\r\n\r\n\t\t\t\t\t\t\t\t\t\t\t\t\t\t\t\t\t\t<\/div>\r\n\t\t\t\t\t\t\t\t\t\t\t\t<div class=\"premium-blog-content-wrapper \">\r\n\r\n\t\t\t\t\t<div class=\"premium-blog-inner-container\">\r\n\r\n\t\t\t\t\t\t\t\t\t\t\t\t\t\t<h2 class=\"premium-blog-entry-title\">\r\n\t\t\t<a href=\"https:\/\/realgame.lt\/en\/projects\/private-kindergarten-project-in-kaunas\/\" target=\"_self\">\r\n\t\t\t\tPrivate kindergarten project in Kaunas\t\t\t<\/a>\r\n\t\t<\/h2>\r\n\t\t\t\t<div class=\"premium-blog-entry-meta\">\r\n\t\t\t\r\n\t\t\t\r\n\t\t\t\r\n\t\t\t\t\t<\/div>\r\n\t\t\r\n\t\t\t\t\t<\/div>\r\n\r\n\t\t\t\t\t\t\t<div class=\"premium-blog-content-inner-wrapper\">\r\n\t\t<p class=\"premium-blog-post-content\">CLIENT: Baltijos st. 106 SERVICE PROVIDED: consulting, intermediation in renting. OBJECT: 600 sq. m private kindergarten \u2026<\/p>\t\t<\/div>\r\n\t\t\t\t\t\t\t\r\n\t\t\t\t<\/div>\r\n\t\t\t<\/div>\r\n\t\t<\/div>\r\n\r\n\t\t\t\t<div class=\"premium-blog-post-outer-container\" data-total=\"1\">\r\n\t\t\t<div class=\"premium-blog-post-container premium-blog-skin-classic\">\r\n\t\t\t\t\t\t\t\t\t<div class=\"premium-blog-thumb-effect-wrapper\">\r\n\t\t\t\t\t\t<div class=\"premium-blog-thumbnail-container premium-blog-zoomin-effect\">\r\n\t\t\t\t\t\t\t<img decoding=\"async\" width=\"768\" height=\"432\" src=\"https:\/\/realgame.lt\/wp-content\/uploads\/2022\/06\/DJI_0851-768x432.jpg\" class=\"attachment-medium_large size-medium_large wp-image-925\" alt=\"\" srcset=\"https:\/\/realgame.lt\/wp-content\/uploads\/2022\/06\/DJI_0851-768x432.jpg 768w, https:\/\/realgame.lt\/wp-content\/uploads\/2022\/06\/DJI_0851-300x169.jpg 300w, https:\/\/realgame.lt\/wp-content\/uploads\/2022\/06\/DJI_0851-1024x575.jpg 1024w, https:\/\/realgame.lt\/wp-content\/uploads\/2022\/06\/DJI_0851-1536x863.jpg 1536w, https:\/\/realgame.lt\/wp-content\/uploads\/2022\/06\/DJI_0851-scaled.jpg 2048w\" sizes=\"(max-width: 768px) 100vw, 768px\" \/>\t\t\t\t\t\t<\/div>\r\n\t\t\t\t\t\t\t\t\t\t\t\t\t<div class=\"premium-blog-thumbnail-overlay\">\r\n\t\t\t\t\t\t\t\t<a class=\"elementor-icon\" href=\"https:\/\/realgame.lt\/en\/projects\/sale-of-coca-cola-factory\/\" target=\"_self\"><\/a>\r\n\t\t\t\t\t\t\t<\/div>\r\n\r\n\t\t\t\t\t\t\t\t\t\t\t\t\t\t\t\t\t\t<\/div>\r\n\t\t\t\t\t\t\t\t\t\t\t\t<div class=\"premium-blog-content-wrapper \">\r\n\r\n\t\t\t\t\t<div class=\"premium-blog-inner-container\">\r\n\r\n\t\t\t\t\t\t\t\t\t\t\t\t\t\t<h2 class=\"premium-blog-entry-title\">\r\n\t\t\t<a href=\"https:\/\/realgame.lt\/en\/projects\/sale-of-coca-cola-factory\/\" target=\"_self\">\r\n\t\t\t\tSale of Coca-Cola factory\t\t\t<\/a>\r\n\t\t<\/h2>\r\n\t\t\t\t<div class=\"premium-blog-entry-meta\">\r\n\t\t\t\r\n\t\t\t\r\n\t\t\t\r\n\t\t\t\t\t<\/div>\r\n\t\t\r\n\t\t\t\t\t<\/div>\r\n\r\n\t\t\t\t\t\t\t<div class=\"premium-blog-content-inner-wrapper\">\r\n\t\t<p class=\"premium-blog-post-content\">Real Game acted as an intermediary in the sale of the property in Alytus.<\/p>\t\t<\/div>\r\n\t\t\t\t\t\t\t\r\n\t\t\t\t<\/div>\r\n\t\t\t<\/div>\r\n\t\t<\/div>\r\n\r\n\t\t\t\t<div class=\"premium-blog-post-outer-container\" data-total=\"1\">\r\n\t\t\t<div class=\"premium-blog-post-container premium-blog-skin-classic\">\r\n\t\t\t\t\t\t\t\t\t<div class=\"premium-blog-thumb-effect-wrapper\">\r\n\t\t\t\t\t\t<div class=\"premium-blog-thumbnail-container premium-blog-zoomin-effect\">\r\n\t\t\t\t\t\t\t<img loading=\"lazy\" decoding=\"async\" width=\"768\" height=\"512\" src=\"https:\/\/realgame.lt\/wp-content\/uploads\/2022\/06\/don_70_B-2-768x512.jpg\" class=\"attachment-medium_large size-medium_large wp-image-921\" alt=\"\" srcset=\"https:\/\/realgame.lt\/wp-content\/uploads\/2022\/06\/don_70_B-2-768x512.jpg 768w, https:\/\/realgame.lt\/wp-content\/uploads\/2022\/06\/don_70_B-2-300x200.jpg 300w, https:\/\/realgame.lt\/wp-content\/uploads\/2022\/06\/don_70_B-2-1024x683.jpg 1024w, https:\/\/realgame.lt\/wp-content\/uploads\/2022\/06\/don_70_B-2-1536x1024.jpg 1536w, https:\/\/realgame.lt\/wp-content\/uploads\/2022\/06\/don_70_B-2-scaled.jpg 2048w\" sizes=\"(max-width: 768px) 100vw, 768px\" \/>\t\t\t\t\t\t<\/div>\r\n\t\t\t\t\t\t\t\t\t\t\t\t\t<div class=\"premium-blog-thumbnail-overlay\">\r\n\t\t\t\t\t\t\t\t<a class=\"elementor-icon\" href=\"https:\/\/realgame.lt\/en\/projects\/the-creation-of-an-investment-portfolio\/\" target=\"_self\"><\/a>\r\n\t\t\t\t\t\t\t<\/div>\r\n\r\n\t\t\t\t\t\t\t\t\t\t\t\t\t\t\t\t\t\t<\/div>\r\n\t\t\t\t\t\t\t\t\t\t\t\t<div class=\"premium-blog-content-wrapper \">\r\n\r\n\t\t\t\t\t<div class=\"premium-blog-inner-container\">\r\n\r\n\t\t\t\t\t\t\t\t\t\t\t\t\t\t<h2 class=\"premium-blog-entry-title\">\r\n\t\t\t<a href=\"https:\/\/realgame.lt\/en\/projects\/the-creation-of-an-investment-portfolio\/\" target=\"_self\">\r\n\t\t\t\tThe creation of an investment portfolio\t\t\t<\/a>\r\n\t\t<\/h2>\r\n\t\t\t\t<div class=\"premium-blog-entry-meta\">\r\n\t\t\t\r\n\t\t\t\r\n\t\t\t\r\n\t\t\t\t\t<\/div>\r\n\t\t\r\n\t\t\t\t\t<\/div>\r\n\r\n\t\t\t\t\t\t\t<div class=\"premium-blog-content-inner-wrapper\">\r\n\t\t<p class=\"premium-blog-post-content\">Real Game Kaunas consulted a client in creating a 7000 sq. m real estate portfolio.<\/p>\t\t<\/div>\r\n\t\t\t\t\t\t\t\r\n\t\t\t\t<\/div>\r\n\t\t\t<\/div>\r\n\t\t<\/div>\r\n\r\n\t\t\t\t<\/div>\r\n\r\n\t\t\t\t\t\t<\/div>\n\t\t\t\t<\/div>\n\t\t\t\t\t<\/div>\n\t\t<\/div>\n\t\t\t\t\t<\/div>\n\t\t<\/section>\n\t\t\t\t<\/div>\n\t\t","protected":false},"excerpt":{"rendered":"<p>Our projects Visi projektai Konsultavimas Nuomininko atstovavimas Savininko atstovavimas Parduotas objektas Marijampol\u0117je Parduotas objektas Marijampol\u0117je KLIENTAS:\u00a0MD Fortis SUTEIKTA PASLAUGA:\u00a0savininko atstovavimas OBJEKTAS:\u00a01706 kv. m sand\u0117liavimo pastatas su 44 ar\u0173 \u017eem\u0117s sklypu MIESTAS:\u00a0Marijampol\u0117 \u2026 Privataus dar\u017eelio projektas Kaune Privataus dar\u017eelio projektas Kaune KLIENTAS:\u00a0Baltijos g. 106 SUTEIKTA PASLAUGA:\u00a0konsultavimas, tarpininkavimas nuomojant OBJEKTAS:\u00a0600\u00a0kv. m\u00a0privatus dar\u017eelis MIESTAS:\u00a0Kaunas Real Game Kauno\u00a0komanda\u00a0rekomendavo laboratorijos [&hellip;]<\/p>\n","protected":false},"author":1,"featured_media":870,"parent":0,"menu_order":0,"comment_status":"closed","ping_status":"closed","template":"","meta":{"_acf_changed":false,"inline_featured_image":false,"footnotes":""},"class_list":["post-550","page","type-page","status-publish","has-post-thumbnail","hentry"],"acf":[],"yoast_head":"<!-- This site is optimized with the Yoast SEO plugin v24.7 - https:\/\/yoast.com\/wordpress\/plugins\/seo\/ -->\n<title>Projects - Real Game<\/title>\n<meta name=\"description\" content=\"REAL GAME \u2013 commercial real estate consultation company. Our services: tenant representation, exclusive brokerage and consulting.\" \/>\n<meta name=\"robots\" content=\"index, follow, max-snippet:-1, max-image-preview:large, max-video-preview:-1\" \/>\n<link rel=\"canonical\" href=\"https:\/\/realgame.lt\/en\/projects\/\" \/>\n<meta property=\"og:locale\" content=\"en_US\" \/>\n<meta property=\"og:type\" content=\"article\" \/>\n<meta property=\"og:title\" content=\"Projects - Real Game\" \/>\n<meta property=\"og:description\" content=\"REAL GAME \u2013 commercial real estate consultation company. Our services: tenant representation, exclusive brokerage and consulting.\" \/>\n<meta property=\"og:url\" content=\"https:\/\/realgame.lt\/en\/projects\/\" \/>\n<meta property=\"og:site_name\" content=\"Real Game\" \/>\n<meta property=\"article:modified_time\" content=\"2023-09-02T11:55:22+00:00\" \/>\n<meta property=\"og:image\" content=\"https:\/\/realgame.lt\/wp-content\/uploads\/2022\/05\/Real-Game-Komercinio-nekilnojamojo-turto-konsultaciju-kompanija.jpg\" \/>\n\t<meta property=\"og:image:width\" content=\"1440\" \/>\n\t<meta property=\"og:image:height\" content=\"770\" \/>\n\t<meta property=\"og:image:type\" content=\"image\/jpeg\" \/>\n<meta name=\"twitter:card\" content=\"summary_large_image\" \/>\n<meta name=\"twitter:label1\" content=\"Est. reading time\" \/>\n\t<meta name=\"twitter:data1\" content=\"2 minutes\" \/>\n<script type=\"application\/ld+json\" class=\"yoast-schema-graph\">{\"@context\":\"https:\/\/schema.org\",\"@graph\":[{\"@type\":\"WebPage\",\"@id\":\"https:\/\/realgame.lt\/en\/projects\/\",\"url\":\"https:\/\/realgame.lt\/en\/projects\/\",\"name\":\"Projects - Real Game\",\"isPartOf\":{\"@id\":\"https:\/\/realgame.lt\/en\/#website\"},\"primaryImageOfPage\":{\"@id\":\"https:\/\/realgame.lt\/en\/projects\/#primaryimage\"},\"image\":{\"@id\":\"https:\/\/realgame.lt\/en\/projects\/#primaryimage\"},\"thumbnailUrl\":\"https:\/\/realgame.lt\/wp-content\/uploads\/2022\/05\/Real-Game-Komercinio-nekilnojamojo-turto-konsultaciju-kompanija.jpg\",\"datePublished\":\"2022-04-21T10:27:29+00:00\",\"dateModified\":\"2023-09-02T11:55:22+00:00\",\"description\":\"REAL GAME \u2013 commercial real estate consultation company. Our services: tenant representation, exclusive brokerage and consulting.\",\"breadcrumb\":{\"@id\":\"https:\/\/realgame.lt\/en\/projects\/#breadcrumb\"},\"inLanguage\":\"en-US\",\"potentialAction\":[{\"@type\":\"ReadAction\",\"target\":[\"https:\/\/realgame.lt\/en\/projects\/\"]}]},{\"@type\":\"ImageObject\",\"inLanguage\":\"en-US\",\"@id\":\"https:\/\/realgame.lt\/en\/projects\/#primaryimage\",\"url\":\"https:\/\/realgame.lt\/wp-content\/uploads\/2022\/05\/Real-Game-Komercinio-nekilnojamojo-turto-konsultaciju-kompanija.jpg\",\"contentUrl\":\"https:\/\/realgame.lt\/wp-content\/uploads\/2022\/05\/Real-Game-Komercinio-nekilnojamojo-turto-konsultaciju-kompanija.jpg\",\"width\":1440,\"height\":770},{\"@type\":\"BreadcrumbList\",\"@id\":\"https:\/\/realgame.lt\/en\/projects\/#breadcrumb\",\"itemListElement\":[{\"@type\":\"ListItem\",\"position\":1,\"name\":\"Home\",\"item\":\"https:\/\/realgame.lt\/en\/\"},{\"@type\":\"ListItem\",\"position\":2,\"name\":\"Projects\"}]},{\"@type\":\"WebSite\",\"@id\":\"https:\/\/realgame.lt\/en\/#website\",\"url\":\"https:\/\/realgame.lt\/en\/\",\"name\":\"Real Game\",\"description\":\"Commercial Real Estate Consulting\",\"publisher\":{\"@id\":\"https:\/\/realgame.lt\/en\/#organization\"},\"potentialAction\":[{\"@type\":\"SearchAction\",\"target\":{\"@type\":\"EntryPoint\",\"urlTemplate\":\"https:\/\/realgame.lt\/en\/?s={search_term_string}\"},\"query-input\":{\"@type\":\"PropertyValueSpecification\",\"valueRequired\":true,\"valueName\":\"search_term_string\"}}],\"inLanguage\":\"en-US\"},{\"@type\":\"Organization\",\"@id\":\"https:\/\/realgame.lt\/en\/#organization\",\"name\":\"Real Game\",\"url\":\"https:\/\/realgame.lt\/en\/\",\"logo\":{\"@type\":\"ImageObject\",\"inLanguage\":\"en-US\",\"@id\":\"https:\/\/realgame.lt\/en\/#\/schema\/logo\/image\/\",\"url\":\"http:\/\/realgame.lt\/wp-content\/uploads\/2022\/04\/real-game-logo.png\",\"contentUrl\":\"http:\/\/realgame.lt\/wp-content\/uploads\/2022\/04\/real-game-logo.png\",\"width\":321,\"height\":58,\"caption\":\"Real Game\"},\"image\":{\"@id\":\"https:\/\/realgame.lt\/en\/#\/schema\/logo\/image\/\"},\"sameAs\":[\"https:\/\/www.linkedin.com\/company\/real-game\/\"]}]}<\/script>\n<!-- \/ Yoast SEO plugin. -->","yoast_head_json":{"title":"Projects - Real Game","description":"REAL GAME \u2013 commercial real estate consultation company. Our services: tenant representation, exclusive brokerage and consulting.","robots":{"index":"index","follow":"follow","max-snippet":"max-snippet:-1","max-image-preview":"max-image-preview:large","max-video-preview":"max-video-preview:-1"},"canonical":"https:\/\/realgame.lt\/en\/projects\/","og_locale":"en_US","og_type":"article","og_title":"Projects - Real Game","og_description":"REAL GAME \u2013 commercial real estate consultation company. Our services: tenant representation, exclusive brokerage and consulting.","og_url":"https:\/\/realgame.lt\/en\/projects\/","og_site_name":"Real Game","article_modified_time":"2023-09-02T11:55:22+00:00","og_image":[{"width":1440,"height":770,"url":"https:\/\/realgame.lt\/wp-content\/uploads\/2022\/05\/Real-Game-Komercinio-nekilnojamojo-turto-konsultaciju-kompanija.jpg","type":"image\/jpeg"}],"twitter_card":"summary_large_image","twitter_misc":{"Est. reading time":"2 minutes"},"schema":{"@context":"https:\/\/schema.org","@graph":[{"@type":"WebPage","@id":"https:\/\/realgame.lt\/en\/projects\/","url":"https:\/\/realgame.lt\/en\/projects\/","name":"Projects - Real Game","isPartOf":{"@id":"https:\/\/realgame.lt\/en\/#website"},"primaryImageOfPage":{"@id":"https:\/\/realgame.lt\/en\/projects\/#primaryimage"},"image":{"@id":"https:\/\/realgame.lt\/en\/projects\/#primaryimage"},"thumbnailUrl":"https:\/\/realgame.lt\/wp-content\/uploads\/2022\/05\/Real-Game-Komercinio-nekilnojamojo-turto-konsultaciju-kompanija.jpg","datePublished":"2022-04-21T10:27:29+00:00","dateModified":"2023-09-02T11:55:22+00:00","description":"REAL GAME \u2013 commercial real estate consultation company. Our services: tenant representation, exclusive brokerage and consulting.","breadcrumb":{"@id":"https:\/\/realgame.lt\/en\/projects\/#breadcrumb"},"inLanguage":"en-US","potentialAction":[{"@type":"ReadAction","target":["https:\/\/realgame.lt\/en\/projects\/"]}]},{"@type":"ImageObject","inLanguage":"en-US","@id":"https:\/\/realgame.lt\/en\/projects\/#primaryimage","url":"https:\/\/realgame.lt\/wp-content\/uploads\/2022\/05\/Real-Game-Komercinio-nekilnojamojo-turto-konsultaciju-kompanija.jpg","contentUrl":"https:\/\/realgame.lt\/wp-content\/uploads\/2022\/05\/Real-Game-Komercinio-nekilnojamojo-turto-konsultaciju-kompanija.jpg","width":1440,"height":770},{"@type":"BreadcrumbList","@id":"https:\/\/realgame.lt\/en\/projects\/#breadcrumb","itemListElement":[{"@type":"ListItem","position":1,"name":"Home","item":"https:\/\/realgame.lt\/en\/"},{"@type":"ListItem","position":2,"name":"Projects"}]},{"@type":"WebSite","@id":"https:\/\/realgame.lt\/en\/#website","url":"https:\/\/realgame.lt\/en\/","name":"Real Game","description":"Commercial Real Estate Consulting","publisher":{"@id":"https:\/\/realgame.lt\/en\/#organization"},"potentialAction":[{"@type":"SearchAction","target":{"@type":"EntryPoint","urlTemplate":"https:\/\/realgame.lt\/en\/?s={search_term_string}"},"query-input":{"@type":"PropertyValueSpecification","valueRequired":true,"valueName":"search_term_string"}}],"inLanguage":"en-US"},{"@type":"Organization","@id":"https:\/\/realgame.lt\/en\/#organization","name":"Real Game","url":"https:\/\/realgame.lt\/en\/","logo":{"@type":"ImageObject","inLanguage":"en-US","@id":"https:\/\/realgame.lt\/en\/#\/schema\/logo\/image\/","url":"http:\/\/realgame.lt\/wp-content\/uploads\/2022\/04\/real-game-logo.png","contentUrl":"http:\/\/realgame.lt\/wp-content\/uploads\/2022\/04\/real-game-logo.png","width":321,"height":58,"caption":"Real Game"},"image":{"@id":"https:\/\/realgame.lt\/en\/#\/schema\/logo\/image\/"},"sameAs":["https:\/\/www.linkedin.com\/company\/real-game\/"]}]}},"_links":{"self":[{"href":"https:\/\/realgame.lt\/en\/wp-json\/wp\/v2\/pages\/550","targetHints":{"allow":["GET"]}}],"collection":[{"href":"https:\/\/realgame.lt\/en\/wp-json\/wp\/v2\/pages"}],"about":[{"href":"https:\/\/realgame.lt\/en\/wp-json\/wp\/v2\/types\/page"}],"author":[{"embeddable":true,"href":"https:\/\/realgame.lt\/en\/wp-json\/wp\/v2\/users\/1"}],"replies":[{"embeddable":true,"href":"https:\/\/realgame.lt\/en\/wp-json\/wp\/v2\/comments?post=550"}],"version-history":[{"count":23,"href":"https:\/\/realgame.lt\/en\/wp-json\/wp\/v2\/pages\/550\/revisions"}],"predecessor-version":[{"id":1352,"href":"https:\/\/realgame.lt\/en\/wp-json\/wp\/v2\/pages\/550\/revisions\/1352"}],"wp:featuredmedia":[{"embeddable":true,"href":"https:\/\/realgame.lt\/en\/wp-json\/wp\/v2\/media\/870"}],"wp:attachment":[{"href":"https:\/\/realgame.lt\/en\/wp-json\/wp\/v2\/media?parent=550"}],"curies":[{"name":"wp","href":"https:\/\/api.w.org\/{rel}","templated":true}]}}